{"id":73,"date":"2017-03-23T14:06:07","date_gmt":"2017-03-23T14:06:07","guid":{"rendered":"http:\/\/neurologie-emmendingen.de\/?page_id=73"},"modified":"2017-03-24T10:43:52","modified_gmt":"2017-03-24T10:43:52","slug":"behandlungsspektrum","status":"publish","type":"page","link":"http:\/\/neurologie-emmendingen.de\/?page_id=73","title":{"rendered":"Behandlungsspektrum"},"content":{"rendered":"<p><strong>Was wird behandelt und untersucht:<br \/>\n<\/strong><strong>Alle Erkrankungen des zentralen und peripheren Nervensystems<\/strong><br \/>\nKopfschmerzen\/ Migr\u00e4ne<br \/>\nSchwindel<br \/>\nSprach- und Sprechst\u00f6rungen<br \/>\nHirnleistungsst\u00f6rungen, Demenz, Alzheimer-Erkrankung<br \/>\nBewegungsst\u00f6rungen<br \/>\nDurchblutungsst\u00f6rungen<br \/>\nSchlaganf\u00e4lle\/ Hirnblutungen<br \/>\nEpilepsie\/ Anfallsleiden<br \/>\nHirntumore<br \/>\nParkinson-Syndrom<br \/>\nMultiple Sklerose<br \/>\nBandscheibenvorf\u00e4lle\/Wirbels\u00e4ulenerkrankungen\/Ischias<br \/>\nNeuralgien<br \/>\nL\u00e4hmungen und Gef\u00fchlsst\u00f6rungen<\/p>\n<p><strong>Psychische Erkrankungen:<\/strong><br \/>\nAngst- und Panikerkrankungen<br \/>\nDepressionen<br \/>\nZwangserkrankungen<br \/>\nNeurosen<br \/>\nPsychosen, Schizophrenien<br \/>\nPsychosomatische Funktionsst\u00f6rungen<br \/>\nSuchterkrankungen<br \/>\nSchlafst\u00f6rungen<br \/>\nVerhaltens- und Entwicklungsst\u00f6rungen<br \/>\nAnpassungsst\u00f6rungen<\/p>\n<p>&nbsp;<\/p>\n","protected":false},"excerpt":{"rendered":"<p>Was wird behandelt und untersucht: Alle Erkrankungen des zentralen und peripheren Nervensystems Kopfschmerzen\/ Migr\u00e4ne Schwindel Sprach- und Sprechst\u00f6rungen Hirnleistungsst\u00f6rungen, Demenz, Alzheimer-Erkrankung Bewegungsst\u00f6rungen Durchblutungsst\u00f6rungen Schlaganf\u00e4lle\/ Hirnblutungen Epilepsie\/ Anfallsleiden Hirntumore Parkinson-Syndrom Multiple Sklerose Bandscheibenvorf\u00e4lle\/Wirbels\u00e4ulenerkrankungen\/Ischias Neuralgien L\u00e4hmungen und Gef\u00fchlsst\u00f6rungen Psychische Erkrankungen: Angst- und Panikerkrankungen Depressionen Zwangserkrankungen Neurosen Psychosen, Schizophrenien Psychosomatische Funktionsst\u00f6rungen Suchterkrankungen Schlafst\u00f6rungen Verhaltens- und Entwicklungsst\u00f6rungen Anpassungsst\u00f6rungen &nbsp;<\/p>\n","protected":false},"author":1,"featured_media":0,"parent":0,"menu_order":3,"comment_status":"closed","ping_status":"closed","template":"","meta":[],"_links":{"self":[{"href":"http:\/\/neurologie-emmendingen.de\/index.php?rest_route=\/wp\/v2\/pages\/73"}],"collection":[{"href":"http:\/\/neurologie-emmendingen.de\/index.php?rest_route=\/wp\/v2\/pages"}],"about":[{"href":"http:\/\/neurologie-emmendingen.de\/index.php?rest_route=\/wp\/v2\/types\/page"}],"author":[{"embeddable":true,"href":"http:\/\/neurologie-emmendingen.de\/index.php?rest_route=\/wp\/v2\/users\/1"}],"replies":[{"embeddable":true,"href":"http:\/\/neurologie-emmendingen.de\/index.php?rest_route=%2Fwp%2Fv2%2Fcomments&post=73"}],"version-history":[{"count":2,"href":"http:\/\/neurologie-emmendingen.de\/index.php?rest_route=\/wp\/v2\/pages\/73\/revisions"}],"predecessor-version":[{"id":159,"href":"http:\/\/neurologie-emmendingen.de\/index.php?rest_route=\/wp\/v2\/pages\/73\/revisions\/159"}],"wp:attachment":[{"href":"http:\/\/neurologie-emmendingen.de\/index.php?rest_route=%2Fwp%2Fv2%2Fmedia&parent=73"}],"curies":[{"name":"wp","href":"https:\/\/api.w.org\/{rel}","templated":true}]}}