{"id":494,"date":"2022-04-12T15:20:10","date_gmt":"2022-04-12T15:20:10","guid":{"rendered":"http:\/\/neurologie-emmendingen.de\/?page_id=494"},"modified":"2022-04-12T17:49:31","modified_gmt":"2022-04-12T17:49:31","slug":"dr-med-patricia-stich-2","status":"publish","type":"page","link":"http:\/\/neurologie-emmendingen.de\/?page_id=494","title":{"rendered":"Dr. med. Patricia Stich"},"content":{"rendered":"\n<div class=\"wp-block-columns is-layout-flex wp-container-3\">\n<div class=\"wp-block-column is-layout-flow\" style=\"flex-basis:66.66%\">\n<p><\/p>\n\n\n\n<p><\/p>\n\n\n\n<h1 class=\"wp-block-heading\"><strong>Dr. med. Patricia Stich<\/strong><\/h1>\n\n\n\n<p><strong>Fach\u00e4rztin f\u00fcr Psychosomatische Medizin und Psychotherapie<\/strong><\/p>\n\n\n\n<p><strong>Tiefenpsychologisch fundierte Psychotherapie<\/strong><\/p>\n\n\n\n<p><strong>T\u00e4tigkeitsschwerpunkte<\/strong><\/p>\n\n\n\n<p>Depressive St\u00f6rungen, Angstst\u00f6rungen, Anpassungs- und posttraumatische Belastungsst\u00f6rungen, Schmerzst\u00f6rungen, Psychotherapeutische Neurologie, funktionelle k\u00f6rperliche Berschwerden, Psychosomatische und somatopsychische Begleittherapie chronischer Erkrankungen<\/p>\n<\/div>\n\n\n\n<div class=\"wp-block-column is-layout-flow\" style=\"flex-basis:33.33%\">\n<p><\/p>\n\n\n\n<figure class=\"wp-block-image size-full is-resized\"><img decoding=\"async\" loading=\"lazy\" src=\"http:\/\/neurologie-emmendingen.de\/wp-content\/uploads\/2022\/04\/grafik.png\" alt=\"\" class=\"wp-image-469\" width=\"197\" height=\"254\"\/><\/figure>\n<\/div>\n<\/div>\n\n\n\n<div class=\"wp-block-columns is-layout-flex wp-container-5\">\n<div class=\"wp-block-column is-layout-flow\">\n<p><strong>Akademischer und beruflicher Werdegang<\/strong><\/p>\n<\/div>\n<\/div>\n\n\n\n<div class=\"wp-block-columns is-layout-flex wp-container-8\">\n<div class=\"wp-block-column is-layout-flow\" style=\"flex-basis:33.33%\">\n<p>04\/2022<\/p>\n<\/div>\n\n\n\n<div class=\"wp-block-column is-layout-flow\" style=\"flex-basis:66.66%\">\n<p>Niederlassung in eigener Praxis in Emmendingen<\/p>\n<\/div>\n<\/div>\n\n\n\n<div class=\"wp-block-columns is-layout-flex wp-container-11\">\n<div class=\"wp-block-column is-layout-flow\" style=\"flex-basis:33.33%\">\n<p>08\/2020<\/p>\n<\/div>\n\n\n\n<div class=\"wp-block-column is-layout-flow\" style=\"flex-basis:66.66%\">\n<p>Facharztanerkennung Psychosomatische Medizin und Psychotherapie<\/p>\n<\/div>\n<\/div>\n\n\n\n<div class=\"wp-block-columns is-layout-flex wp-container-14\">\n<div class=\"wp-block-column is-layout-flow\" style=\"flex-basis:33.33%\">\n<p>2018 &#8211; 2022<\/p>\n<\/div>\n\n\n\n<div class=\"wp-block-column is-layout-flow\" style=\"flex-basis:66.66%\">\n<p>Psychosomatisch-psychotherapeutische T\u00e4tigkeit bei Kliniken<br>Schmieder Konstanz mit T\u00e4tigkeitsschwerpunkt Psychotherapeutische Neurologie<\/p>\n<\/div>\n<\/div>\n\n\n\n<div class=\"wp-block-columns is-layout-flex wp-container-16\">\n<div class=\"wp-block-column is-layout-flow\" style=\"flex-basis:100%\"><\/div>\n<\/div>\n\n\n\n<div class=\"wp-block-columns is-layout-flex wp-container-19\">\n<div class=\"wp-block-column is-layout-flow\" style=\"flex-basis:33.33%\">\n<p>2017 &#8211; 2018<\/p>\n<\/div>\n\n\n\n<div class=\"wp-block-column is-layout-flow\" style=\"flex-basis:66.66%\">\n<p>Psychotherapeutische Weiterbildung im ambulanten Bereich in der Praxis Dr. med. J. Rabenbauer in Freiburg i.Br.<\/p>\n<\/div>\n<\/div>\n\n\n\n<div class=\"wp-block-columns is-layout-flex wp-container-22\">\n<div class=\"wp-block-column is-layout-flow\" style=\"flex-basis:33.33%\">\n<p>2016 &#8211; 2017<\/p>\n<\/div>\n\n\n\n<div class=\"wp-block-column is-layout-flow\" style=\"flex-basis:66.66%\">\n<p>Psychosomatisch-psychotherapeutische T\u00e4tigkeit in der Psychosomatischen Fachklinik Gengenbach GmbH mit Schwerpunkt Schmerzsyndrome<\/p>\n<\/div>\n<\/div>\n\n\n\n<div class=\"wp-block-columns is-layout-flex wp-container-25\">\n<div class=\"wp-block-column is-layout-flow\" style=\"flex-basis:33.33%\">\n<p>2014 &#8211; 2016<\/p>\n<\/div>\n\n\n\n<div class=\"wp-block-column is-layout-flow\" style=\"flex-basis:66.66%\">\n<p>Psychosomatisch-psychotherapeutische Weiterbildung in der Klinik Lahr des Ortenau Klinikums Lahr-Ettenheim<\/p>\n<\/div>\n<\/div>\n\n\n\n<div class=\"wp-block-columns is-layout-flex wp-container-28\">\n<div class=\"wp-block-column is-layout-flow\" style=\"flex-basis:33.33%\">\n<p>2013 &#8211; 2014<\/p>\n<\/div>\n\n\n\n<div class=\"wp-block-column is-layout-flow\" style=\"flex-basis:66.66%\">\n<p>\u00c4rztliche T\u00e4tigkeit in der Celenus Klinik Kinzigtal Gengenbach, Psychosomatische Fachklinik mit Schwerpunkt Schmerzsyndrome<\/p>\n<\/div>\n<\/div>\n\n\n\n<div class=\"wp-block-columns is-layout-flex wp-container-31\">\n<div class=\"wp-block-column is-layout-flow\" style=\"flex-basis:33.33%\">\n<p>2011 &#8211; 2012<\/p>\n<\/div>\n\n\n\n<div class=\"wp-block-column is-layout-flow\" style=\"flex-basis:66.66%\">\n<p>Internistische Weiterbildung in der Medizinischen Klinik Gengenbach <br>des Ortenau Klinikums Offenburg-Gengenbach<\/p>\n<\/div>\n<\/div>\n\n\n\n<div class=\"wp-block-columns is-layout-flex wp-container-34\">\n<div class=\"wp-block-column is-layout-flow\" style=\"flex-basis:33.33%\">\n<p>2010 &#8211; 2011<\/p>\n<\/div>\n\n\n\n<div class=\"wp-block-column is-layout-flow\" style=\"flex-basis:66.66%\">\n<p>Gyn\u00e4kologische Weiterbildung in der Klinik f\u00fcr Frauenheilkunde und Geburtshilfe des Ortenau Klinikums Lahr-Ettenheim<\/p>\n<\/div>\n<\/div>\n\n\n\n<div class=\"wp-block-columns is-layout-flex wp-container-37\">\n<div class=\"wp-block-column is-layout-flow\" style=\"flex-basis:33.33%\">\n<p>2003 &#8211; 2010<\/p>\n<\/div>\n\n\n\n<div class=\"wp-block-column is-layout-flow\" style=\"flex-basis:66.66%\">\n<p>Studium der Humanmedizin an der Albert-Ludwigs-Universit\u00e4t Freiburg<\/p>\n<\/div>\n<\/div>\n\n\n\n<p><\/p>\n","protected":false},"excerpt":{"rendered":"<p>Dr. med. Patricia Stich Fach\u00e4rztin f\u00fcr Psychosomatische Medizin und Psychotherapie Tiefenpsychologisch fundierte Psychotherapie T\u00e4tigkeitsschwerpunkte Depressive St\u00f6rungen, Angstst\u00f6rungen, Anpassungs- und posttraumatische Belastungsst\u00f6rungen, Schmerzst\u00f6rungen, Psychotherapeutische Neurologie, funktionelle k\u00f6rperliche Berschwerden, Psychosomatische und somatopsychische Begleittherapie chronischer Erkrankungen Akademischer und beruflicher Werdegang 04\/2022 Niederlassung in eigener Praxis in Emmendingen 08\/2020 Facharztanerkennung Psychosomatische Medizin und Psychotherapie 2018 &#8211; 2022 Psychosomatisch-psychotherapeutische T\u00e4tigkeit [&hellip;]<\/p>\n","protected":false},"author":1,"featured_media":0,"parent":0,"menu_order":0,"comment_status":"closed","ping_status":"closed","template":"","meta":[],"_links":{"self":[{"href":"http:\/\/neurologie-emmendingen.de\/index.php?rest_route=\/wp\/v2\/pages\/494"}],"collection":[{"href":"http:\/\/neurologie-emmendingen.de\/index.php?rest_route=\/wp\/v2\/pages"}],"about":[{"href":"http:\/\/neurologie-emmendingen.de\/index.php?rest_route=\/wp\/v2\/types\/page"}],"author":[{"embeddable":true,"href":"http:\/\/neurologie-emmendingen.de\/index.php?rest_route=\/wp\/v2\/users\/1"}],"replies":[{"embeddable":true,"href":"http:\/\/neurologie-emmendingen.de\/index.php?rest_route=%2Fwp%2Fv2%2Fcomments&post=494"}],"version-history":[{"count":4,"href":"http:\/\/neurologie-emmendingen.de\/index.php?rest_route=\/wp\/v2\/pages\/494\/revisions"}],"predecessor-version":[{"id":540,"href":"http:\/\/neurologie-emmendingen.de\/index.php?rest_route=\/wp\/v2\/pages\/494\/revisions\/540"}],"wp:attachment":[{"href":"http:\/\/neurologie-emmendingen.de\/index.php?rest_route=%2Fwp%2Fv2%2Fmedia&parent=494"}],"curies":[{"name":"wp","href":"https:\/\/api.w.org\/{rel}","templated":true}]}}