{"id":219,"date":"2017-03-24T15:47:09","date_gmt":"2017-03-24T15:47:09","guid":{"rendered":"http:\/\/neurologie-emmendingen.de\/?page_id=219"},"modified":"2021-05-04T06:20:43","modified_gmt":"2021-05-04T06:20:43","slug":"wegbeschreibunganfahrt","status":"publish","type":"page","link":"http:\/\/neurologie-emmendingen.de\/?page_id=219","title":{"rendered":"Anfahrt"},"content":{"rendered":"<p>Sie finden unsere Praxis in unmittelbarer N\u00e4he zum Bahnhof und ZOB Emmendingen.<\/p>\n<p>Parkpl\u00e4tze gibt es begrenzt direkt vor der Praxis, am Bahnhof, sowie f\u00fcr Volksbankkunden in der Tiefgarage (kein Aufzug!).<\/p>\n<p>Die Innenstadt und der Marktplatz sind in fu\u00dfl\u00e4ufiger Entfernung.<\/p>\n<p><iframe loading=\"lazy\" style=\"border: 0px currentColor;\" src=\"https:\/\/www.google.com\/maps\/embed?pb=!1m18!1m12!1m3!1d2663.4969004687905!2d7.846170415582664!3d48.11994006036825!2m3!1f0!2f0!3f0!3m2!1i1024!2i768!4f13.1!3m3!1m2!1s0x479118974c02d939%3A0x4776891ee88288a!2sCornelia-Passage%2C+79312+Emmendingen!5e0!3m2!1sde!2sde!4v1490370378055\" width=\"600\" height=\"450\" frameborder=\"0\" allowfullscreen=\"allowfullscreen\"><\/iframe><\/p>\n","protected":false},"excerpt":{"rendered":"<p>Sie finden unsere Praxis in unmittelbarer N\u00e4he zum Bahnhof und ZOB Emmendingen. Parkpl\u00e4tze gibt es begrenzt direkt vor der Praxis, am Bahnhof, sowie f\u00fcr Volksbankkunden in der Tiefgarage (kein Aufzug!). Die Innenstadt und der Marktplatz sind in fu\u00dfl\u00e4ufiger Entfernung.<\/p>\n","protected":false},"author":1,"featured_media":0,"parent":0,"menu_order":0,"comment_status":"closed","ping_status":"closed","template":"","meta":[],"_links":{"self":[{"href":"http:\/\/neurologie-emmendingen.de\/index.php?rest_route=\/wp\/v2\/pages\/219"}],"collection":[{"href":"http:\/\/neurologie-emmendingen.de\/index.php?rest_route=\/wp\/v2\/pages"}],"about":[{"href":"http:\/\/neurologie-emmendingen.de\/index.php?rest_route=\/wp\/v2\/types\/page"}],"author":[{"embeddable":true,"href":"http:\/\/neurologie-emmendingen.de\/index.php?rest_route=\/wp\/v2\/users\/1"}],"replies":[{"embeddable":true,"href":"http:\/\/neurologie-emmendingen.de\/index.php?rest_route=%2Fwp%2Fv2%2Fcomments&post=219"}],"version-history":[{"count":6,"href":"http:\/\/neurologie-emmendingen.de\/index.php?rest_route=\/wp\/v2\/pages\/219\/revisions"}],"predecessor-version":[{"id":412,"href":"http:\/\/neurologie-emmendingen.de\/index.php?rest_route=\/wp\/v2\/pages\/219\/revisions\/412"}],"wp:attachment":[{"href":"http:\/\/neurologie-emmendingen.de\/index.php?rest_route=%2Fwp%2Fv2%2Fmedia&parent=219"}],"curies":[{"name":"wp","href":"https:\/\/api.w.org\/{rel}","templated":true}]}}