{"id":210,"date":"2017-03-27T18:22:36","date_gmt":"2017-03-27T18:22:36","guid":{"rendered":"http:\/\/neurologie-emmendingen.de\/?page_id=210"},"modified":"2017-03-29T19:30:05","modified_gmt":"2017-03-29T19:30:05","slug":"rezepte-und-terminvereinbarungen","status":"publish","type":"page","link":"http:\/\/neurologie-emmendingen.de\/?page_id=210","title":{"rendered":"Rezepte und Terminvereinbarungen"},"content":{"rendered":"<p><strong>Rezept- oder Terminw\u00fcnsche<\/strong><\/p>\n<p>Terminanfragen\/Terminabsagen k\u00f6nnen aus organisatorischen Gr\u00fcnden nur telefonisch oder pers\u00f6nlich vereinbart werden, sollten Sie uns telefonisch nicht erreichen, so k\u00f6nnen Sie gerne eine R\u00fcckrufbitte per e-mail hinterlassen. Terminabsagen sollten nur in dringenden F\u00e4llen, sp\u00e4testens jedoch 24 Stunden vor der Behandlung erfolgen.<\/p>\n<p>&nbsp;<\/p>\n<p>Die Bestellung von <strong>Rezepten<\/strong> ist m\u00f6glich, wenn Sie von uns dauerhaft ein Medikament zur regelm\u00e4\u00dfigen Einnahme verordnet bekommen. Alle Verordnungsw\u00fcnsche werden \u00e4rztlicherseits \u00fcberpr\u00fcft. Bitte geben Sie uns hierf\u00fcr ausreichend Zeit.<br \/>\nDenken Sie als gesetzlich Versicherter Patient bitte unbedingt daran, dass hierf\u00fcr Ihre g\u00fcltige elektronische Gesundheitskarte f\u00fcr das laufende Quartal bereits einmal vorgelegt wurde.<br \/>\nEmail an: <a href=\"mailto:anmeldung@neurologie-em.de\">anmeldung@neurologie-em.de<\/a><\/p>\n<p>&nbsp;<\/p>\n<p><strong>Rezept- oder Terminw\u00fcnsche <\/strong>an Dr. Zeller richten Sie bitte per Email an: <a href=\"mailto:zeller@psychosomatik-em.de\">zeller@psychosomatik-em.de<\/a><strong><br \/>\n<\/strong><\/p>\n","protected":false},"excerpt":{"rendered":"<p>Rezept- oder Terminw\u00fcnsche Terminanfragen\/Terminabsagen k\u00f6nnen aus organisatorischen Gr\u00fcnden nur telefonisch oder pers\u00f6nlich vereinbart werden, sollten Sie uns telefonisch nicht erreichen, so k\u00f6nnen Sie gerne eine R\u00fcckrufbitte per e-mail hinterlassen. Terminabsagen sollten nur in dringenden F\u00e4llen, sp\u00e4testens jedoch 24 Stunden vor der Behandlung erfolgen. &nbsp; Die Bestellung von Rezepten ist m\u00f6glich, wenn Sie von uns dauerhaft [&hellip;]<\/p>\n","protected":false},"author":1,"featured_media":0,"parent":0,"menu_order":0,"comment_status":"closed","ping_status":"closed","template":"","meta":[],"_links":{"self":[{"href":"http:\/\/neurologie-emmendingen.de\/index.php?rest_route=\/wp\/v2\/pages\/210"}],"collection":[{"href":"http:\/\/neurologie-emmendingen.de\/index.php?rest_route=\/wp\/v2\/pages"}],"about":[{"href":"http:\/\/neurologie-emmendingen.de\/index.php?rest_route=\/wp\/v2\/types\/page"}],"author":[{"embeddable":true,"href":"http:\/\/neurologie-emmendingen.de\/index.php?rest_route=\/wp\/v2\/users\/1"}],"replies":[{"embeddable":true,"href":"http:\/\/neurologie-emmendingen.de\/index.php?rest_route=%2Fwp%2Fv2%2Fcomments&post=210"}],"version-history":[{"count":7,"href":"http:\/\/neurologie-emmendingen.de\/index.php?rest_route=\/wp\/v2\/pages\/210\/revisions"}],"predecessor-version":[{"id":281,"href":"http:\/\/neurologie-emmendingen.de\/index.php?rest_route=\/wp\/v2\/pages\/210\/revisions\/281"}],"wp:attachment":[{"href":"http:\/\/neurologie-emmendingen.de\/index.php?rest_route=%2Fwp%2Fv2%2Fmedia&parent=210"}],"curies":[{"name":"wp","href":"https:\/\/api.w.org\/{rel}","templated":true}]}}