{"id":165,"date":"2017-03-24T11:15:17","date_gmt":"2017-03-24T11:15:17","guid":{"rendered":"http:\/\/neurologie-emmendingen.de\/?page_id=165"},"modified":"2022-04-11T16:46:06","modified_gmt":"2022-04-11T16:46:06","slug":"technische-untersuchungen","status":"publish","type":"page","link":"http:\/\/neurologie-emmendingen.de\/?page_id=165","title":{"rendered":"Technische Untersuchungen"},"content":{"rendered":"<ul>\n<li>Doppler\/Duplexsonographie (Ultraschall der hirnzuf\u00fchrenden Gef\u00e4\u00dfe)<\/li>\n<li>Elektroenzephalographie (EEG; Hirnstrommessung)<\/li>\n<li>Elektroneuro- und myographie (Nerven und Muskeluntersuchungen)<\/li>\n<li>Sensibel evozierte Potentiale (Sehnerv, H\u00f6rnerv, Arm- und Beinnerven)<\/li>\n<li>Motorisch evozierte Potentiale<\/li>\n<li>Nervensonographie (Ultraschalluntersuchung)<\/li>\n<li>Testdiagnostik (Ged\u00e4chtnis, Konzentration)<\/li>\n<li>NEU: Liquordiagnostik (geplant)<\/li>\n<\/ul>\n","protected":false},"excerpt":{"rendered":"<p>Doppler\/Duplexsonographie (Ultraschall der hirnzuf\u00fchrenden Gef\u00e4\u00dfe) Elektroenzephalographie (EEG; Hirnstrommessung) Elektroneuro- und myographie (Nerven und Muskeluntersuchungen) Sensibel evozierte Potentiale (Sehnerv, H\u00f6rnerv, Arm- und Beinnerven) Motorisch evozierte Potentiale Nervensonographie (Ultraschalluntersuchung) Testdiagnostik (Ged\u00e4chtnis, Konzentration) NEU: Liquordiagnostik (geplant)<\/p>\n","protected":false},"author":1,"featured_media":0,"parent":0,"menu_order":0,"comment_status":"closed","ping_status":"closed","template":"","meta":[],"_links":{"self":[{"href":"http:\/\/neurologie-emmendingen.de\/index.php?rest_route=\/wp\/v2\/pages\/165"}],"collection":[{"href":"http:\/\/neurologie-emmendingen.de\/index.php?rest_route=\/wp\/v2\/pages"}],"about":[{"href":"http:\/\/neurologie-emmendingen.de\/index.php?rest_route=\/wp\/v2\/types\/page"}],"author":[{"embeddable":true,"href":"http:\/\/neurologie-emmendingen.de\/index.php?rest_route=\/wp\/v2\/users\/1"}],"replies":[{"embeddable":true,"href":"http:\/\/neurologie-emmendingen.de\/index.php?rest_route=%2Fwp%2Fv2%2Fcomments&post=165"}],"version-history":[{"count":3,"href":"http:\/\/neurologie-emmendingen.de\/index.php?rest_route=\/wp\/v2\/pages\/165\/revisions"}],"predecessor-version":[{"id":481,"href":"http:\/\/neurologie-emmendingen.de\/index.php?rest_route=\/wp\/v2\/pages\/165\/revisions\/481"}],"wp:attachment":[{"href":"http:\/\/neurologie-emmendingen.de\/index.php?rest_route=%2Fwp%2Fv2%2Fmedia&parent=165"}],"curies":[{"name":"wp","href":"https:\/\/api.w.org\/{rel}","templated":true}]}}